{"id":38,"date":"2020-08-16T15:27:47","date_gmt":"2020-08-16T15:27:47","guid":{"rendered":"https:\/\/www.logopaedie-trojan.at\/?page_id=38"},"modified":"2020-09-03T08:11:47","modified_gmt":"2020-09-03T08:11:47","slug":"startseite","status":"publish","type":"page","link":"https:\/\/www.logopaedie-trojan.at\/","title":{"rendered":""},"content":{"rendered":"\n<h2 class=\"has-text-align-center wp-block-heading\"><strong>Veronika Trojan<\/strong><\/h2>\n\n\n\n<div class=\"wp-block-columns is-layout-flex wp-container-core-columns-is-layout-9d6595d7 wp-block-columns-is-layout-flex\">\n<div class=\"wp-block-column is-layout-flow wp-block-column-is-layout-flow\">\n<figure class=\"wp-block-image size-large\"><img loading=\"lazy\" decoding=\"async\" width=\"1024\" height=\"685\" src=\"https:\/\/www.logopaedie-trojan.at\/wp-content\/uploads\/2020\/08\/DSC_0019-1024x685.jpg\" alt=\"\" class=\"wp-image-54\" srcset=\"https:\/\/www.logopaedie-trojan.at\/wp-content\/uploads\/2020\/08\/DSC_0019-1024x685.jpg 1024w, https:\/\/www.logopaedie-trojan.at\/wp-content\/uploads\/2020\/08\/DSC_0019-300x201.jpg 300w, https:\/\/www.logopaedie-trojan.at\/wp-content\/uploads\/2020\/08\/DSC_0019-768x514.jpg 768w, https:\/\/www.logopaedie-trojan.at\/wp-content\/uploads\/2020\/08\/DSC_0019-1536x1028.jpg 1536w, https:\/\/www.logopaedie-trojan.at\/wp-content\/uploads\/2020\/08\/DSC_0019-2048x1371.jpg 2048w\" sizes=\"auto, (max-width: 767px) 89vw, (max-width: 1000px) 54vw, (max-width: 1071px) 543px, 580px\" \/><\/figure>\n<\/div>\n\n\n\n<div class=\"wp-block-column is-layout-flow wp-block-column-is-layout-flow\">\n<p><\/p>\n\n\n\n<p class=\"has-text-align-center Bradley_Hand has-medium-font-size\"><em>&#8222;Im Leben gibt es keine L\u00f6sungen.<br>Es gibt nur Kr\u00e4fte, die in Bewegung sind:<br>Man muss sie erzeugen und die L\u00f6sungen werden folgen.&#8220;<\/em><\/p>\n\n\n\n<p class=\"has-text-align-center has-small-font-size\">(Antoine de Saint-Exup\u00e9ry)<\/p>\n\n\n\n<p class=\"has-text-align-center\"><br><\/p>\n\n\n\n<p><\/p>\n<\/div>\n<\/div>\n\n\n\n<p><\/p>\n","protected":false},"excerpt":{"rendered":"<p>Veronika Trojan &#8222;Im Leben gibt es keine L\u00f6sungen.Es gibt nur Kr\u00e4fte, die in Bewegung sind:Man muss sie erzeugen und die L\u00f6sungen werden folgen.&#8220; (Antoine de Saint-Exup\u00e9ry)<\/p>\n","protected":false},"author":1,"featured_media":0,"parent":0,"menu_order":0,"comment_status":"closed","ping_status":"closed","template":"","meta":{"footnotes":""},"class_list":["post-38","page","type-page","status-publish","hentry"],"yoast_head":"<!-- This site is optimized with the Yoast SEO plugin v14.9 - https:\/\/yoast.com\/wordpress\/plugins\/seo\/ -->\n<title>- Logop\u00e4die Trojan<\/title>\n<meta name=\"robots\" content=\"index, follow, max-snippet:-1, max-image-preview:large, max-video-preview:-1\" \/>\n<link rel=\"canonical\" href=\"https:\/\/www.logopaedie-trojan.at\/\" \/>\n<meta property=\"og:locale\" content=\"de_DE\" \/>\n<meta property=\"og:type\" content=\"article\" \/>\n<meta property=\"og:title\" content=\"- Logop\u00e4die Trojan\" \/>\n<meta property=\"og:description\" content=\"Veronika Trojan &#8222;Im Leben gibt es keine L\u00f6sungen.Es gibt nur Kr\u00e4fte, die in Bewegung sind:Man muss sie erzeugen und die L\u00f6sungen werden folgen.&#8220; (Antoine de Saint-Exup\u00e9ry)\" \/>\n<meta property=\"og:url\" content=\"https:\/\/www.logopaedie-trojan.at\/\" \/>\n<meta property=\"og:site_name\" content=\"Logop\u00e4die Trojan\" \/>\n<meta property=\"article:modified_time\" content=\"2020-09-03T08:11:47+00:00\" \/>\n<meta property=\"og:image\" content=\"https:\/\/www.logopaedie-trojan.at\/wp-content\/uploads\/2020\/08\/DSC_0019-1024x685.jpg\" \/>\n<meta name=\"twitter:card\" content=\"summary_large_image\" \/>\n<script type=\"application\/ld+json\" class=\"yoast-schema-graph\">{\"@context\":\"https:\/\/schema.org\",\"@graph\":[{\"@type\":\"WebSite\",\"@id\":\"https:\/\/www.logopaedie-trojan.at\/#website\",\"url\":\"https:\/\/www.logopaedie-trojan.at\/\",\"name\":\"Logop\\u00e4die Trojan\",\"description\":\"Sprache, Sprechen, Stimme, Atmung...\",\"potentialAction\":[{\"@type\":\"SearchAction\",\"target\":\"https:\/\/www.logopaedie-trojan.at\/?s={search_term_string}\",\"query-input\":\"required name=search_term_string\"}],\"inLanguage\":\"de\"},{\"@type\":\"ImageObject\",\"@id\":\"https:\/\/www.logopaedie-trojan.at\/#primaryimage\",\"inLanguage\":\"de\",\"url\":\"https:\/\/www.logopaedie-trojan.at\/wp-content\/uploads\/2020\/08\/DSC_0019-1024x685.jpg\"},{\"@type\":\"WebPage\",\"@id\":\"https:\/\/www.logopaedie-trojan.at\/#webpage\",\"url\":\"https:\/\/www.logopaedie-trojan.at\/\",\"name\":\"- Logop\\u00e4die Trojan\",\"isPartOf\":{\"@id\":\"https:\/\/www.logopaedie-trojan.at\/#website\"},\"primaryImageOfPage\":{\"@id\":\"https:\/\/www.logopaedie-trojan.at\/#primaryimage\"},\"datePublished\":\"2020-08-16T15:27:47+00:00\",\"dateModified\":\"2020-09-03T08:11:47+00:00\",\"inLanguage\":\"de\",\"potentialAction\":[{\"@type\":\"ReadAction\",\"target\":[\"https:\/\/www.logopaedie-trojan.at\/\"]}]}]}<\/script>\n<!-- \/ Yoast SEO plugin. -->","_links":{"self":[{"href":"https:\/\/www.logopaedie-trojan.at\/index.php?rest_route=\/wp\/v2\/pages\/38","targetHints":{"allow":["GET"]}}],"collection":[{"href":"https:\/\/www.logopaedie-trojan.at\/index.php?rest_route=\/wp\/v2\/pages"}],"about":[{"href":"https:\/\/www.logopaedie-trojan.at\/index.php?rest_route=\/wp\/v2\/types\/page"}],"author":[{"embeddable":true,"href":"https:\/\/www.logopaedie-trojan.at\/index.php?rest_route=\/wp\/v2\/users\/1"}],"replies":[{"embeddable":true,"href":"https:\/\/www.logopaedie-trojan.at\/index.php?rest_route=%2Fwp%2Fv2%2Fcomments&post=38"}],"version-history":[{"count":6,"href":"https:\/\/www.logopaedie-trojan.at\/index.php?rest_route=\/wp\/v2\/pages\/38\/revisions"}],"predecessor-version":[{"id":76,"href":"https:\/\/www.logopaedie-trojan.at\/index.php?rest_route=\/wp\/v2\/pages\/38\/revisions\/76"}],"wp:attachment":[{"href":"https:\/\/www.logopaedie-trojan.at\/index.php?rest_route=%2Fwp%2Fv2%2Fmedia&parent=38"}],"curies":[{"name":"wp","href":"https:\/\/api.w.org\/{rel}","templated":true}]}}